{"id":457,"date":"2023-03-31T12:26:10","date_gmt":"2023-03-31T17:26:10","guid":{"rendered":"https:\/\/panoramicacartagena.com\/?page_id=457"},"modified":"2025-05-09T20:37:40","modified_gmt":"2025-05-10T01:37:40","slug":"portal-socios","status":"publish","type":"page","link":"https:\/\/panoramicacartagena.com\/en\/portal-socios\/","title":{"rendered":"Portal Socios"},"content":{"rendered":"<div data-elementor-type=\"wp-post\" data-elementor-id=\"457\" class=\"elementor elementor-457\" data-elementor-post-type=\"page\">\n\t\t\t\t\t\t<section class=\"elementor-section elementor-top-section elementor-element elementor-element-4740260 elementor-section-height-min-height elementor-section-boxed elementor-section-height-default elementor-section-items-middle\" data-id=\"4740260\" data-element_type=\"section\">\n\t\t\t\t\t\t<div class=\"elementor-container elementor-column-gap-default\">\n\t\t\t\t\t<div class=\"elementor-column elementor-col-100 elementor-top-column elementor-element elementor-element-95dcf13\" data-id=\"95dcf13\" data-element_type=\"column\">\n\t\t\t<div class=\"elementor-widget-wrap elementor-element-populated\">\n\t\t\t\t\t\t<div class=\"elementor-element elementor-element-24c69e6 elementor-widget elementor-widget-heading\" data-id=\"24c69e6\" data-element_type=\"widget\" data-widget_type=\"heading.default\">\n\t\t\t\t<div class=\"elementor-widget-container\">\n\t\t\t\t\t<h1 class=\"elementor-heading-title elementor-size-default\">Portal de Socios<\/h1>\t\t\t\t<\/div>\n\t\t\t\t<\/div>\n\t\t\t\t<div class=\"elementor-element elementor-element-be0ab18 elementor-align-center elementor-widget elementor-widget-button\" data-id=\"be0ab18\" data-element_type=\"widget\" data-widget_type=\"button.default\">\n\t\t\t\t<div class=\"elementor-widget-container\">\n\t\t\t\t\t\t\t\t\t<div class=\"elementor-button-wrapper\">\n\t\t\t\t\t<a class=\"elementor-button elementor-button-link elementor-size-sm\" href=\"https:\/\/www.nationalsoft-cloud.com\/Dashboard\" target=\"_blank\">\n\t\t\t\t\t\t<span class=\"elementor-button-content-wrapper\">\n\t\t\t\t\t\t\t\t\t<span class=\"elementor-button-text\">VER M\u00c9TRICAS PANOR\u00c1MICA<\/span>\n\t\t\t\t\t<\/span>\n\t\t\t\t\t<\/a>\n\t\t\t\t<\/div>\n\t\t\t\t\t\t\t\t<\/div>\n\t\t\t\t<\/div>\n\t\t\t\t<div class=\"elementor-element elementor-element-ee9f020 elementor-widget elementor-widget-text-editor\" data-id=\"ee9f020\" data-element_type=\"widget\" data-widget_type=\"text-editor.default\">\n\t\t\t\t<div class=\"elementor-widget-container\">\n\t\t\t\t\t\t\t\t\t<p>Para ingresar al sistema interactivo de m\u00e9tricas, favor ingresar a este bot\u00f3n e ingresar <strong>terrazapanoramica@gmail.com<\/strong> en usuario y <strong>Socios123<\/strong> en contrase\u00f1a.<\/p>\t\t\t\t\t\t\t\t<\/div>\n\t\t\t\t<\/div>\n\t\t\t\t<div class=\"elementor-element elementor-element-5c72e04 elementor-widget elementor-widget-text-editor\" data-id=\"5c72e04\" data-element_type=\"widget\" data-widget_type=\"text-editor.default\">\n\t\t\t\t<div class=\"elementor-widget-container\">\n\t\t\t\t\t\t\t\t\t<p>Haga click en los archivos para visualizar y\/o descargar los archivos pdf.<\/p>\t\t\t\t\t\t\t\t<\/div>\n\t\t\t\t<\/div>\n\t\t\t\t<section class=\"elementor-section elementor-inner-section elementor-element elementor-element-e7f4764 elementor-section-boxed elementor-section-height-default elementor-section-height-default\" data-id=\"e7f4764\" data-element_type=\"section\">\n\t\t\t\t\t\t<div class=\"elementor-container elementor-column-gap-default\">\n\t\t\t\t\t<div class=\"elementor-column elementor-col-50 elementor-inner-column elementor-element elementor-element-7654e73\" data-id=\"7654e73\" data-element_type=\"column\">\n\t\t\t<div class=\"elementor-widget-wrap elementor-element-populated\">\n\t\t\t\t\t\t<div class=\"elementor-element elementor-element-b560d15 elementor-view-default elementor-position-top elementor-mobile-position-top elementor-widget elementor-widget-icon-box\" data-id=\"b560d15\" data-element_type=\"widget\" data-widget_type=\"icon-box.default\">\n\t\t\t\t<div class=\"elementor-widget-container\">\n\t\t\t\t\t\t\t<div class=\"elementor-icon-box-wrapper\">\n\n\t\t\t\t\t\t<div class=\"elementor-icon-box-icon\">\n\t\t\t\t<a href=\"https:\/\/panoramicacartagena.com\/wp-content\/uploads\/2025\/05\/COMUNICADO-A-MP-5.5.25-1-3.pdf\" class=\"elementor-icon\" tabindex=\"-1\" aria-label=\"COMUNICADO MALLPLAZA\">\n\t\t\t\t<i aria-hidden=\"true\" class=\"far fa-file-pdf\"><\/i>\t\t\t\t<\/a>\n\t\t\t<\/div>\n\t\t\t\n\t\t\t\t\t\t<div class=\"elementor-icon-box-content\">\n\n\t\t\t\t\t\t\t\t\t<h3 class=\"elementor-icon-box-title\">\n\t\t\t\t\t\t<a href=\"https:\/\/panoramicacartagena.com\/wp-content\/uploads\/2025\/05\/COMUNICADO-A-MP-5.5.25-1-3.pdf\" >\n\t\t\t\t\t\t\tCOMUNICADO MALLPLAZA\t\t\t\t\t\t<\/a>\n\t\t\t\t\t<\/h3>\n\t\t\t\t\n\t\t\t\t\t\t\t\t\t<p class=\"elementor-icon-box-description\">\n\t\t\t\t\t\tRadicado el Miercoles 7 de Mayo, Oficinas Mallpalza Bogot\u00e1.\t\t\t\t\t<\/p>\n\t\t\t\t\n\t\t\t<\/div>\n\t\t\t\n\t\t<\/div>\n\t\t\t\t\t\t<\/div>\n\t\t\t\t<\/div>\n\t\t\t\t\t<\/div>\n\t\t<\/div>\n\t\t\t\t<div class=\"elementor-column elementor-col-50 elementor-inner-column elementor-element elementor-element-eddb1c3\" data-id=\"eddb1c3\" data-element_type=\"column\">\n\t\t\t<div class=\"elementor-widget-wrap elementor-element-populated\">\n\t\t\t\t\t\t<div class=\"elementor-element elementor-element-cc1c6e6 elementor-view-default elementor-position-top elementor-mobile-position-top elementor-widget elementor-widget-icon-box\" data-id=\"cc1c6e6\" data-element_type=\"widget\" data-widget_type=\"icon-box.default\">\n\t\t\t\t<div class=\"elementor-widget-container\">\n\t\t\t\t\t\t\t<div class=\"elementor-icon-box-wrapper\">\n\n\t\t\t\t\t\t<div class=\"elementor-icon-box-icon\">\n\t\t\t\t<a href=\"https:\/\/panoramicacartagena.com\/wp-content\/uploads\/2025\/02\/ACTA-ASAMBLEA-30-de-abril-de-2024.pdf\" class=\"elementor-icon\" tabindex=\"-1\" aria-label=\"ACTA ASAMBLEA 30 de abril de 2024\">\n\t\t\t\t<i aria-hidden=\"true\" class=\"far fa-file-pdf\"><\/i>\t\t\t\t<\/a>\n\t\t\t<\/div>\n\t\t\t\n\t\t\t\t\t\t<div class=\"elementor-icon-box-content\">\n\n\t\t\t\t\t\t\t\t\t<h3 class=\"elementor-icon-box-title\">\n\t\t\t\t\t\t<a href=\"https:\/\/panoramicacartagena.com\/wp-content\/uploads\/2025\/02\/ACTA-ASAMBLEA-30-de-abril-de-2024.pdf\" >\n\t\t\t\t\t\t\tACTA ASAMBLEA 30 de abril de 2024\t\t\t\t\t\t<\/a>\n\t\t\t\t\t<\/h3>\n\t\t\t\t\n\t\t\t\t\n\t\t\t<\/div>\n\t\t\t\n\t\t<\/div>\n\t\t\t\t\t\t<\/div>\n\t\t\t\t<\/div>\n\t\t\t\t\t<\/div>\n\t\t<\/div>\n\t\t\t\t\t<\/div>\n\t\t<\/section>\n\t\t\t\t<section class=\"elementor-section elementor-inner-section elementor-element elementor-element-840827a elementor-section-boxed elementor-section-height-default elementor-section-height-default\" data-id=\"840827a\" data-element_type=\"section\">\n\t\t\t\t\t\t<div class=\"elementor-container elementor-column-gap-default\">\n\t\t\t\t\t<div class=\"elementor-column elementor-col-50 elementor-inner-column elementor-element elementor-element-60ad222\" data-id=\"60ad222\" data-element_type=\"column\">\n\t\t\t<div class=\"elementor-widget-wrap elementor-element-populated\">\n\t\t\t\t\t\t<div class=\"elementor-element elementor-element-b7e208a elementor-view-default elementor-position-top elementor-mobile-position-top elementor-widget elementor-widget-icon-box\" data-id=\"b7e208a\" data-element_type=\"widget\" data-widget_type=\"icon-box.default\">\n\t\t\t\t<div class=\"elementor-widget-container\">\n\t\t\t\t\t\t\t<div class=\"elementor-icon-box-wrapper\">\n\n\t\t\t\t\t\t<div class=\"elementor-icon-box-icon\">\n\t\t\t\t<a href=\"https:\/\/panoramicacartagena.com\/wp-content\/uploads\/2025\/02\/ACTA-001-COMITE-FIDU-OPERADOR-12-MARZO.pdf\" class=\"elementor-icon\" tabindex=\"-1\" aria-label=\"ACTA 001 COMITE-FIDU-OPERADOR 12 MARZO\">\n\t\t\t\t<i aria-hidden=\"true\" class=\"far fa-file-pdf\"><\/i>\t\t\t\t<\/a>\n\t\t\t<\/div>\n\t\t\t\n\t\t\t\t\t\t<div class=\"elementor-icon-box-content\">\n\n\t\t\t\t\t\t\t\t\t<h3 class=\"elementor-icon-box-title\">\n\t\t\t\t\t\t<a href=\"https:\/\/panoramicacartagena.com\/wp-content\/uploads\/2025\/02\/ACTA-001-COMITE-FIDU-OPERADOR-12-MARZO.pdf\" >\n\t\t\t\t\t\t\tACTA 001 COMITE-FIDU-OPERADOR 12 MARZO\t\t\t\t\t\t<\/a>\n\t\t\t\t\t<\/h3>\n\t\t\t\t\n\t\t\t\t\n\t\t\t<\/div>\n\t\t\t\n\t\t<\/div>\n\t\t\t\t\t\t<\/div>\n\t\t\t\t<\/div>\n\t\t\t\t\t<\/div>\n\t\t<\/div>\n\t\t\t\t<div class=\"elementor-column elementor-col-50 elementor-inner-column elementor-element elementor-element-ae4692f\" data-id=\"ae4692f\" data-element_type=\"column\">\n\t\t\t<div class=\"elementor-widget-wrap elementor-element-populated\">\n\t\t\t\t\t\t<div class=\"elementor-element elementor-element-80e8433 elementor-view-default elementor-position-top elementor-mobile-position-top elementor-widget elementor-widget-icon-box\" data-id=\"80e8433\" data-element_type=\"widget\" data-widget_type=\"icon-box.default\">\n\t\t\t\t<div class=\"elementor-widget-container\">\n\t\t\t\t\t\t\t<div class=\"elementor-icon-box-wrapper\">\n\n\t\t\t\t\t\t<div class=\"elementor-icon-box-icon\">\n\t\t\t\t<a href=\"https:\/\/panoramicacartagena.com\/wp-content\/uploads\/2025\/02\/ACTA-COMITE-No.-2-DIC-3-de-2024-firmada.pdf\" class=\"elementor-icon\" tabindex=\"-1\" aria-label=\"ACTA COMITE No. 2 DIC 3 de 2024 firmada\">\n\t\t\t\t<i aria-hidden=\"true\" class=\"far fa-file-pdf\"><\/i>\t\t\t\t<\/a>\n\t\t\t<\/div>\n\t\t\t\n\t\t\t\t\t\t<div class=\"elementor-icon-box-content\">\n\n\t\t\t\t\t\t\t\t\t<h3 class=\"elementor-icon-box-title\">\n\t\t\t\t\t\t<a href=\"https:\/\/panoramicacartagena.com\/wp-content\/uploads\/2025\/02\/ACTA-COMITE-No.-2-DIC-3-de-2024-firmada.pdf\" >\n\t\t\t\t\t\t\tACTA COMITE No. 2 DIC 3 de 2024 firmada\t\t\t\t\t\t<\/a>\n\t\t\t\t\t<\/h3>\n\t\t\t\t\n\t\t\t\t\n\t\t\t<\/div>\n\t\t\t\n\t\t<\/div>\n\t\t\t\t\t\t<\/div>\n\t\t\t\t<\/div>\n\t\t\t\t\t<\/div>\n\t\t<\/div>\n\t\t\t\t\t<\/div>\n\t\t<\/section>\n\t\t\t\t<section class=\"elementor-section elementor-inner-section elementor-element elementor-element-f103e05 elementor-section-boxed elementor-section-height-default elementor-section-height-default\" data-id=\"f103e05\" data-element_type=\"section\">\n\t\t\t\t\t\t<div class=\"elementor-container elementor-column-gap-default\">\n\t\t\t\t\t<div class=\"elementor-column elementor-col-50 elementor-inner-column elementor-element elementor-element-ff1829d\" data-id=\"ff1829d\" data-element_type=\"column\">\n\t\t\t<div class=\"elementor-widget-wrap elementor-element-populated\">\n\t\t\t\t\t\t<div class=\"elementor-element elementor-element-3bb8f26 elementor-view-default elementor-position-top elementor-mobile-position-top elementor-widget elementor-widget-icon-box\" data-id=\"3bb8f26\" data-element_type=\"widget\" data-widget_type=\"icon-box.default\">\n\t\t\t\t<div class=\"elementor-widget-container\">\n\t\t\t\t\t\t\t<div class=\"elementor-icon-box-wrapper\">\n\n\t\t\t\t\t\t<div class=\"elementor-icon-box-icon\">\n\t\t\t\t<a href=\"https:\/\/panoramicacartagena.com\/wp-content\/uploads\/2025\/02\/ACTA-No-01-OCT-27-2023-FID-PANORAMICA.pdf\" class=\"elementor-icon\" tabindex=\"-1\" aria-label=\"ACTA N\u00ba 01 OCT 27 2023 FID PANORAMICA\">\n\t\t\t\t<i aria-hidden=\"true\" class=\"far fa-file-pdf\"><\/i>\t\t\t\t<\/a>\n\t\t\t<\/div>\n\t\t\t\n\t\t\t\t\t\t<div class=\"elementor-icon-box-content\">\n\n\t\t\t\t\t\t\t\t\t<h3 class=\"elementor-icon-box-title\">\n\t\t\t\t\t\t<a href=\"https:\/\/panoramicacartagena.com\/wp-content\/uploads\/2025\/02\/ACTA-No-01-OCT-27-2023-FID-PANORAMICA.pdf\" >\n\t\t\t\t\t\t\tACTA N\u00ba 01 OCT 27 2023 FID PANORAMICA\t\t\t\t\t\t<\/a>\n\t\t\t\t\t<\/h3>\n\t\t\t\t\n\t\t\t\t\n\t\t\t<\/div>\n\t\t\t\n\t\t<\/div>\n\t\t\t\t\t\t<\/div>\n\t\t\t\t<\/div>\n\t\t\t\t\t<\/div>\n\t\t<\/div>\n\t\t\t\t<div class=\"elementor-column elementor-col-50 elementor-inner-column elementor-element elementor-element-8002f88\" data-id=\"8002f88\" data-element_type=\"column\">\n\t\t\t<div class=\"elementor-widget-wrap elementor-element-populated\">\n\t\t\t\t\t\t<div class=\"elementor-element elementor-element-83e6727 elementor-position-top elementor-widget elementor-widget-image-box\" data-id=\"83e6727\" data-element_type=\"widget\" data-widget_type=\"image-box.default\">\n\t\t\t\t<div class=\"elementor-widget-container\">\n\t\t\t\t\t<div class=\"elementor-image-box-wrapper\"><figure class=\"elementor-image-box-img\"><a href=\"https:\/\/www.canva.com\/design\/DAFxuxQuyag\/eAv7FzprA2mSrSERQf5X7A\/edit?utm_content=DAFxuxQuyag&#038;utm_campaign=designshare&#038;utm_medium=link2&#038;utm_source=sharebutton\" target=\"_blank\" tabindex=\"-1\"><img fetchpriority=\"high\" decoding=\"async\" width=\"1600\" height=\"1066\" src=\"https:\/\/panoramicacartagena.com\/wp-content\/uploads\/2023\/11\/Fideicomiso.jpg\" class=\"attachment-full size-full wp-image-565\" alt=\"\" srcset=\"https:\/\/panoramicacartagena.com\/wp-content\/uploads\/2023\/11\/Fideicomiso.jpg 1600w, https:\/\/panoramicacartagena.com\/wp-content\/uploads\/2023\/11\/Fideicomiso-300x200.jpg 300w, https:\/\/panoramicacartagena.com\/wp-content\/uploads\/2023\/11\/Fideicomiso-1024x682.jpg 1024w, https:\/\/panoramicacartagena.com\/wp-content\/uploads\/2023\/11\/Fideicomiso-768x512.jpg 768w, https:\/\/panoramicacartagena.com\/wp-content\/uploads\/2023\/11\/Fideicomiso-1536x1023.jpg 1536w\" sizes=\"(max-width: 1600px) 100vw, 1600px\" \/><\/a><\/figure><div class=\"elementor-image-box-content\"><h3 class=\"elementor-image-box-title\"><a href=\"https:\/\/www.canva.com\/design\/DAFxuxQuyag\/eAv7FzprA2mSrSERQf5X7A\/edit?utm_content=DAFxuxQuyag&#038;utm_campaign=designshare&#038;utm_medium=link2&#038;utm_source=sharebutton\" target=\"_blank\">Fideicomiso Panor\u00e1mica<\/a><\/h3><\/div><\/div>\t\t\t\t<\/div>\n\t\t\t\t<\/div>\n\t\t\t\t\t<\/div>\n\t\t<\/div>\n\t\t\t\t\t<\/div>\n\t\t<\/section>\n\t\t\t\t<section class=\"elementor-section elementor-inner-section elementor-element elementor-element-e92b1c7 elementor-section-boxed elementor-section-height-default elementor-section-height-default\" data-id=\"e92b1c7\" data-element_type=\"section\">\n\t\t\t\t\t\t<div class=\"elementor-container elementor-column-gap-default\">\n\t\t\t\t\t<div class=\"elementor-column elementor-col-50 elementor-inner-column elementor-element elementor-element-be0467b\" data-id=\"be0467b\" data-element_type=\"column\">\n\t\t\t<div class=\"elementor-widget-wrap elementor-element-populated\">\n\t\t\t\t\t\t<div class=\"elementor-element elementor-element-95b8bd8 elementor-position-top elementor-widget elementor-widget-image-box\" data-id=\"95b8bd8\" data-element_type=\"widget\" data-widget_type=\"image-box.default\">\n\t\t\t\t<div class=\"elementor-widget-container\">\n\t\t\t\t\t<div class=\"elementor-image-box-wrapper\"><figure class=\"elementor-image-box-img\"><a href=\"https:\/\/drive.google.com\/file\/d\/1G16OIZAepiBkDP4c3zGqG2LwVMzzGtiL\/view?usp=sharing\" target=\"_blank\" tabindex=\"-1\"><img decoding=\"async\" width=\"1600\" height=\"1066\" src=\"https:\/\/panoramicacartagena.com\/wp-content\/uploads\/2023\/11\/Transmision-de-asamblea.jpg\" class=\"attachment-full size-full wp-image-567\" alt=\"\" srcset=\"https:\/\/panoramicacartagena.com\/wp-content\/uploads\/2023\/11\/Transmision-de-asamblea.jpg 1600w, https:\/\/panoramicacartagena.com\/wp-content\/uploads\/2023\/11\/Transmision-de-asamblea-300x200.jpg 300w, https:\/\/panoramicacartagena.com\/wp-content\/uploads\/2023\/11\/Transmision-de-asamblea-1024x682.jpg 1024w, https:\/\/panoramicacartagena.com\/wp-content\/uploads\/2023\/11\/Transmision-de-asamblea-768x512.jpg 768w, https:\/\/panoramicacartagena.com\/wp-content\/uploads\/2023\/11\/Transmision-de-asamblea-1536x1023.jpg 1536w\" sizes=\"(max-width: 1600px) 100vw, 1600px\" \/><\/a><\/figure><div class=\"elementor-image-box-content\"><h3 class=\"elementor-image-box-title\"><a href=\"https:\/\/drive.google.com\/file\/d\/1G16OIZAepiBkDP4c3zGqG2LwVMzzGtiL\/view?usp=sharing\" target=\"_blank\">Transmisi\u00f3n de Asamblea<\/a><\/h3><\/div><\/div>\t\t\t\t<\/div>\n\t\t\t\t<\/div>\n\t\t\t\t\t<\/div>\n\t\t<\/div>\n\t\t\t\t<div class=\"elementor-column elementor-col-50 elementor-inner-column elementor-element elementor-element-e210919\" data-id=\"e210919\" data-element_type=\"column\">\n\t\t\t<div class=\"elementor-widget-wrap elementor-element-populated\">\n\t\t\t\t\t\t<div class=\"elementor-element elementor-element-1b6f08d elementor-position-top elementor-widget elementor-widget-image-box\" data-id=\"1b6f08d\" data-element_type=\"widget\" data-widget_type=\"image-box.default\">\n\t\t\t\t<div class=\"elementor-widget-container\">\n\t\t\t\t\t<div class=\"elementor-image-box-wrapper\"><figure class=\"elementor-image-box-img\"><a href=\"https:\/\/panoramicacartagena.com\/wp-content\/uploads\/2023\/11\/CONTRATO-FIDUCIARIO-PANORAMICA_FIRMAS.pdf\" target=\"_blank\" tabindex=\"-1\"><img decoding=\"async\" width=\"1600\" height=\"1066\" src=\"https:\/\/panoramicacartagena.com\/wp-content\/uploads\/2023\/11\/Imagen-de-WhatsApp-2023-11-01-a-las-12.55.35_8fb0541c.jpg\" class=\"attachment-full size-full wp-image-575\" alt=\"\" srcset=\"https:\/\/panoramicacartagena.com\/wp-content\/uploads\/2023\/11\/Imagen-de-WhatsApp-2023-11-01-a-las-12.55.35_8fb0541c.jpg 1600w, https:\/\/panoramicacartagena.com\/wp-content\/uploads\/2023\/11\/Imagen-de-WhatsApp-2023-11-01-a-las-12.55.35_8fb0541c-300x200.jpg 300w, https:\/\/panoramicacartagena.com\/wp-content\/uploads\/2023\/11\/Imagen-de-WhatsApp-2023-11-01-a-las-12.55.35_8fb0541c-1024x682.jpg 1024w, https:\/\/panoramicacartagena.com\/wp-content\/uploads\/2023\/11\/Imagen-de-WhatsApp-2023-11-01-a-las-12.55.35_8fb0541c-768x512.jpg 768w, https:\/\/panoramicacartagena.com\/wp-content\/uploads\/2023\/11\/Imagen-de-WhatsApp-2023-11-01-a-las-12.55.35_8fb0541c-1536x1023.jpg 1536w\" sizes=\"(max-width: 1600px) 100vw, 1600px\" \/><\/a><\/figure><div class=\"elementor-image-box-content\"><h3 class=\"elementor-image-box-title\"><a href=\"https:\/\/panoramicacartagena.com\/wp-content\/uploads\/2023\/11\/CONTRATO-FIDUCIARIO-PANORAMICA_FIRMAS.pdf\" target=\"_blank\">Contrato Fiduciario<\/a><\/h3><\/div><\/div>\t\t\t\t<\/div>\n\t\t\t\t<\/div>\n\t\t\t\t\t<\/div>\n\t\t<\/div>\n\t\t\t\t\t<\/div>\n\t\t<\/section>\n\t\t\t\t<section class=\"elementor-section elementor-inner-section elementor-element elementor-element-bad7bd8 elementor-section-boxed elementor-section-height-default elementor-section-height-default\" data-id=\"bad7bd8\" data-element_type=\"section\">\n\t\t\t\t\t\t<div class=\"elementor-container elementor-column-gap-default\">\n\t\t\t\t\t<div class=\"elementor-column elementor-col-50 elementor-inner-column elementor-element elementor-element-fa7c444\" data-id=\"fa7c444\" data-element_type=\"column\">\n\t\t\t<div class=\"elementor-widget-wrap elementor-element-populated\">\n\t\t\t\t\t\t<div class=\"elementor-element elementor-element-97c3b0f elementor-position-top elementor-widget elementor-widget-image-box\" data-id=\"97c3b0f\" data-element_type=\"widget\" data-widget_type=\"image-box.default\">\n\t\t\t\t<div class=\"elementor-widget-container\">\n\t\t\t\t\t<div class=\"elementor-image-box-wrapper\"><figure class=\"elementor-image-box-img\"><a href=\"https:\/\/panoramicacartagena.com\/wp-content\/uploads\/2023\/10\/Comunicado-Oficial-Asamblea.pdf\" target=\"_blank\" tabindex=\"-1\"><img loading=\"lazy\" decoding=\"async\" width=\"1600\" height=\"1066\" src=\"https:\/\/panoramicacartagena.com\/wp-content\/uploads\/2023\/11\/ASAMBLEA.jpg\" class=\"attachment-full size-full wp-image-564\" alt=\"\" srcset=\"https:\/\/panoramicacartagena.com\/wp-content\/uploads\/2023\/11\/ASAMBLEA.jpg 1600w, https:\/\/panoramicacartagena.com\/wp-content\/uploads\/2023\/11\/ASAMBLEA-300x200.jpg 300w, https:\/\/panoramicacartagena.com\/wp-content\/uploads\/2023\/11\/ASAMBLEA-1024x682.jpg 1024w, https:\/\/panoramicacartagena.com\/wp-content\/uploads\/2023\/11\/ASAMBLEA-768x512.jpg 768w, https:\/\/panoramicacartagena.com\/wp-content\/uploads\/2023\/11\/ASAMBLEA-1536x1023.jpg 1536w\" sizes=\"(max-width: 1600px) 100vw, 1600px\" \/><\/a><\/figure><div class=\"elementor-image-box-content\"><h3 class=\"elementor-image-box-title\"><a href=\"https:\/\/panoramicacartagena.com\/wp-content\/uploads\/2023\/10\/Comunicado-Oficial-Asamblea.pdf\" target=\"_blank\">Comunicado Asamblea 2023<\/a><\/h3><\/div><\/div>\t\t\t\t<\/div>\n\t\t\t\t<\/div>\n\t\t\t\t\t<\/div>\n\t\t<\/div>\n\t\t\t\t<div class=\"elementor-column elementor-col-50 elementor-inner-column elementor-element elementor-element-b5c1faf\" data-id=\"b5c1faf\" data-element_type=\"column\">\n\t\t\t<div class=\"elementor-widget-wrap elementor-element-populated\">\n\t\t\t\t\t\t<div class=\"elementor-element elementor-element-87285ad elementor-position-top elementor-widget elementor-widget-image-box\" data-id=\"87285ad\" data-element_type=\"widget\" data-widget_type=\"image-box.default\">\n\t\t\t\t<div class=\"elementor-widget-container\">\n\t\t\t\t\t<div class=\"elementor-image-box-wrapper\"><figure class=\"elementor-image-box-img\"><a href=\"https:\/\/panoramicacartagena.com\/wp-content\/uploads\/2023\/10\/Informe-de-Gestion-Q1_2023-abril.pdf\" target=\"_blank\" tabindex=\"-1\"><img loading=\"lazy\" decoding=\"async\" width=\"1600\" height=\"1066\" src=\"https:\/\/panoramicacartagena.com\/wp-content\/uploads\/2023\/11\/Informe-gestion.jpg\" class=\"attachment-full size-full wp-image-566\" alt=\"\" srcset=\"https:\/\/panoramicacartagena.com\/wp-content\/uploads\/2023\/11\/Informe-gestion.jpg 1600w, https:\/\/panoramicacartagena.com\/wp-content\/uploads\/2023\/11\/Informe-gestion-300x200.jpg 300w, https:\/\/panoramicacartagena.com\/wp-content\/uploads\/2023\/11\/Informe-gestion-1024x682.jpg 1024w, https:\/\/panoramicacartagena.com\/wp-content\/uploads\/2023\/11\/Informe-gestion-768x512.jpg 768w, https:\/\/panoramicacartagena.com\/wp-content\/uploads\/2023\/11\/Informe-gestion-1536x1023.jpg 1536w\" sizes=\"(max-width: 1600px) 100vw, 1600px\" \/><\/a><\/figure><div class=\"elementor-image-box-content\"><h3 class=\"elementor-image-box-title\"><a href=\"https:\/\/panoramicacartagena.com\/wp-content\/uploads\/2023\/10\/Informe-de-Gestion-Q1_2023-abril.pdf\" target=\"_blank\">Informe de Gesti\u00f3n Q1  2023 Q2 Abril<\/a><\/h3><\/div><\/div>\t\t\t\t<\/div>\n\t\t\t\t<\/div>\n\t\t\t\t\t<\/div>\n\t\t<\/div>\n\t\t\t\t\t<\/div>\n\t\t<\/section>\n\t\t\t\t\t<\/div>\n\t\t<\/div>\n\t\t\t\t\t<\/div>\n\t\t<\/section>\n\t\t\t\t<\/div>","protected":false},"excerpt":{"rendered":"<p>Portal de Socios VER M\u00c9TRICAS PANOR\u00c1MICA Para ingresar al sistema interactivo de m\u00e9tricas, favor ingresar a este bot\u00f3n e ingresar terrazapanoramica@gmail.com en usuario y Socios123 en contrase\u00f1a. Haga click en los archivos para visualizar y\/o descargar los archivos pdf. COMUNICADO MALLPLAZA Radicado el Miercoles 7 de Mayo, Oficinas Mallpalza Bogot\u00e1. ACTA ASAMBLEA 30 de abril [&hellip;]<\/p>","protected":false},"author":1,"featured_media":0,"parent":0,"menu_order":0,"comment_status":"closed","ping_status":"closed","template":"","meta":{"footnotes":""},"class_list":["post-457","page","type-page","status-publish","hentry"],"_links":{"self":[{"href":"https:\/\/panoramicacartagena.com\/en\/wp-json\/wp\/v2\/pages\/457","targetHints":{"allow":["GET"]}}],"collection":[{"href":"https:\/\/panoramicacartagena.com\/en\/wp-json\/wp\/v2\/pages"}],"about":[{"href":"https:\/\/panoramicacartagena.com\/en\/wp-json\/wp\/v2\/types\/page"}],"author":[{"embeddable":true,"href":"https:\/\/panoramicacartagena.com\/en\/wp-json\/wp\/v2\/users\/1"}],"replies":[{"embeddable":true,"href":"https:\/\/panoramicacartagena.com\/en\/wp-json\/wp\/v2\/comments?post=457"}],"version-history":[{"count":52,"href":"https:\/\/panoramicacartagena.com\/en\/wp-json\/wp\/v2\/pages\/457\/revisions"}],"predecessor-version":[{"id":1661,"href":"https:\/\/panoramicacartagena.com\/en\/wp-json\/wp\/v2\/pages\/457\/revisions\/1661"}],"wp:attachment":[{"href":"https:\/\/panoramicacartagena.com\/en\/wp-json\/wp\/v2\/media?parent=457"}],"curies":[{"name":"wp","href":"https:\/\/api.w.org\/{rel}","templated":true}]}}